{"id":35706,"date":"2025-06-09T07:00:42","date_gmt":"2025-06-09T05:00:42","guid":{"rendered":"https:\/\/rebornavenue.se\/?page_id=35706"},"modified":"2025-10-17T13:09:21","modified_gmt":"2025-10-17T11:09:21","slug":"%d8%a3%d8%b3%d8%b9%d8%a7%d8%b1-%d8%a7%d9%84%d9%85%d9%83%d9%8a%d8%a7%d8%ac-%d8%a7%d9%84%d8%af%d8%a7%d8%a6%d9%85","status":"publish","type":"page","link":"https:\/\/rebornavenue.se\/ar\/prislista\/permanent-makeup-priser\/","title":{"rendered":"\u0642\u0627\u0626\u0645\u0629 \u0627\u0644\u0623\u0633\u0639\u0627\u0631 \u2013 \u0627\u0644\u0645\u0643\u064a\u0627\u062c \u0627\u0644\u062f\u0627\u0626\u0645\u00a0"},"content":{"rendered":"<div data-elementor-type=\"wp-page\" data-elementor-id=\"35706\" class=\"elementor elementor-35706\" data-elementor-post-type=\"page\">\n\t\t\t\t<div class=\"elementor-element elementor-element-b8cbe60 e-con-full e-flex cmsmasters-block-default e-con e-parent\" data-id=\"b8cbe60\" data-element_type=\"container\" data-e-type=\"container\" data-settings=\"{&quot;ekit_has_onepagescroll_dot&quot;:&quot;yes&quot;}\">\n\t\t<div class=\"elementor-element elementor-element-075cb04 e-grid e-con-full cmsmasters-bg-hide-none cmsmasters-bg-hide-none cmsmasters-block-default e-con e-child\" data-id=\"075cb04\" data-element_type=\"container\" data-e-type=\"container\" data-settings=\"{&quot;background_background&quot;:&quot;classic&quot;,&quot;ekit_has_onepagescroll_dot&quot;:&quot;yes&quot;}\">\n\t\t\t\t<div class=\"elementor-element elementor-element-3aa286e cmsmasters-object-fit cmsmasters-object-fit-cover cmsmasters-block-default cmsmasters-sticky-default elementor-widget elementor-widget-cmsmasters-post-featured-image cmsmasters-widget-image\" data-id=\"3aa286e\" data-element_type=\"widget\" data-e-type=\"widget\" data-settings=\"{&quot;ekit_we_effect_on&quot;:&quot;none&quot;}\" data-widget_type=\"cmsmasters-post-featured-image.default\">\n\t\t\t\t\t<div class=\"cmsmasters-widget-image__wrap\"><img decoding=\"async\" src=\"https:\/\/rebornavenue.se\/wp-content\/uploads\/2025\/06\/prislista-Reborn-Avenue.webp\" title=\"\u0642\u0627\u0626\u0645\u0629 \u0623\u0633\u0639\u0627\u0631 \u0631\u064a\u0628\u0648\u0631\u0646 \u0623\u0641\u064a\u0646\u064a\u0648\" alt=\"\u0642\u0627\u0626\u0645\u0629 \u0623\u0633\u0639\u0627\u0631 \u0631\u064a\u0628\u0648\u0631\u0646 \u0623\u0641\u064a\u0646\u064a\u0648\" loading=\"lazy\" \/><\/div>\t\t\t\t<\/div>\n\t\t<div class=\"elementor-element elementor-element-0dc9506 e-flex e-con-boxed cmsmasters-block-default e-con e-child\" data-id=\"0dc9506\" data-element_type=\"container\" data-e-type=\"container\" data-settings=\"{&quot;ekit_has_onepagescroll_dot&quot;:&quot;yes&quot;}\">\n\t\t\t\t\t<div class=\"e-con-inner\">\n\t\t\t\t<div class=\"elementor-element elementor-element-ddda793 cmsmasters-block-default cmsmasters-sticky-default elementor-widget elementor-widget-elementskit-heading\" data-id=\"ddda793\" data-element_type=\"widget\" data-e-type=\"widget\" data-settings=\"{&quot;ekit_we_effect_on&quot;:&quot;none&quot;}\" data-widget_type=\"elementskit-heading.default\">\n\t\t\t\t\t<div class=\"ekit-wid-con\" ><div class=\"ekit-heading elementskit-section-title-wraper text_center   ekit_heading_tablet-   ekit_heading_mobile-\"><h1 class=\"ekit-heading--title elementskit-section-title\">\u0642\u0627\u0626\u0645\u0629 \u0627\u0644\u0623\u0633\u0639\u0627\u0631 \u2013 \u0627\u0644\u0645\u0643\u064a\u0627\u062c \u0627\u0644\u062f\u0627\u0626\u0645\u00a0<\/h1><h3 class=\"ekit-heading--subtitle elementskit-section-subtitle elementskit-gradient-title\">\n\t\t\t\t\t\t\u0633\u062a\u062c\u062f \u0647\u0646\u0627 \u062c\u0645\u064a\u0639 \u0623\u0633\u0639\u0627\u0631 \u0627\u0644\u0639\u0644\u0627\u062c\u0627\u062a \u0627\u0644\u062a\u064a \u0646\u0642\u062f\u0645\u0647\u0627.\n\t\t\t\t\t<\/h3><\/div><\/div>\t\t\t\t<\/div>\n\t\t\t\t<div class=\"elementor-element elementor-element-4c3351b elementor-widget-elementskit-dual-button-center elementor-widget-elementskit-dual-button-laptop-center cmsmasters-block-default cmsmasters-sticky-default elementor-widget elementor-widget-elementskit-dual-button\" data-id=\"4c3351b\" data-element_type=\"widget\" data-e-type=\"widget\" data-settings=\"{&quot;ekit_we_effect_on&quot;:&quot;none&quot;}\" data-widget_type=\"elementskit-dual-button.default\">\n\t\t\t\t\t<div class=\"ekit-wid-con\" >\n                <div class=\"ekit-element-align-wrapper\">\n                    <div class=\"ekit_double_button\">                <a class=\"ekit-double-btn ekit-double-btn-one\" href=\"https:\/\/www.bokadirekt.se\/places\/reborn-avenue-22117\" target=\"_blank\" rel=\"noopener\">\n                    \u0627\u062d\u062c\u0632 \u0645\u0648\u0639\u062f\u064b\u0627                <\/a>\n                  <\/div>\n                <\/div>\n            <\/div>\t\t\t\t<\/div>\n\t\t\t\t\t<\/div>\n\t\t\t\t<\/div>\n\t\t\t\t<\/div>\n\t\t<div class=\"elementor-element elementor-element-7800005 e-flex e-con-boxed cmsmasters-block-default e-con e-child\" data-id=\"7800005\" data-element_type=\"container\" data-e-type=\"container\" data-settings=\"{&quot;ekit_has_onepagescroll_dot&quot;:&quot;yes&quot;}\">\n\t\t\t\t\t<div class=\"e-con-inner\">\n\t\t<div class=\"elementor-element elementor-element-48fffe9 e-con-full e-flex cmsmasters-block-default e-con e-child\" data-id=\"48fffe9\" data-element_type=\"container\" data-e-type=\"container\" data-settings=\"{&quot;ekit_has_onepagescroll_dot&quot;:&quot;yes&quot;}\">\n\t\t<div class=\"elementor-element elementor-element-61daf6a e-con-full e-flex cmsmasters-block-default e-con e-child\" data-id=\"61daf6a\" data-element_type=\"container\" data-e-type=\"container\" data-settings=\"{&quot;ekit_has_onepagescroll_dot&quot;:&quot;yes&quot;}\">\n\t\t<div class=\"elementor-element elementor-element-4e1596c e-flex e-con-boxed cmsmasters-block-default e-con e-child\" data-id=\"4e1596c\" data-element_type=\"container\" data-e-type=\"container\" data-settings=\"{&quot;background_background&quot;:&quot;classic&quot;,&quot;ekit_has_onepagescroll_dot&quot;:&quot;yes&quot;}\">\n\t\t\t\t\t<div class=\"e-con-inner\">\n\t\t\t\t<div class=\"elementor-element elementor-element-b67b393 cmsmasters-line-clamp-no cmsmasters-color-variation-default cmsmasters-pointer-none cmsmasters-block-default cmsmasters-sticky-default elementor-widget elementor-widget-cmsmasters-title cmsmasters-widget-title\" data-id=\"b67b393\" data-element_type=\"widget\" data-e-type=\"widget\" data-settings=\"{&quot;ekit_we_effect_on&quot;:&quot;none&quot;}\" data-widget_type=\"cmsmasters-title.default\">\n\t\t\t\t\t<h4 class=\"cmsmasters-widget-title__heading\">\u0627\u0644\u0645\u0643\u064a\u0627\u062c \u0627\u0644\u062f\u0627\u0626\u0645 <\/h4>\t\t\t\t<\/div>\n\t\t\t\t\t<\/div>\n\t\t\t\t<\/div>\n\t\t<div class=\"elementor-element elementor-element-0a7949e e-flex e-con-boxed cmsmasters-block-default e-con e-child\" data-id=\"0a7949e\" data-element_type=\"container\" data-e-type=\"container\" data-settings=\"{&quot;ekit_has_onepagescroll_dot&quot;:&quot;yes&quot;}\">\n\t\t\t\t\t<div class=\"e-con-inner\">\n\t\t\t\t<div class=\"elementor-element elementor-element-85a3e67 cmsmasters-block-default cmsmasters-sticky-default elementor-widget elementor-widget-price-list\" data-id=\"85a3e67\" data-element_type=\"widget\" data-e-type=\"widget\" data-settings=\"{&quot;ekit_we_effect_on&quot;:&quot;none&quot;}\" data-widget_type=\"price-list.default\">\n\t\t\t\t\t\n\t\t<ul class=\"elementor-price-list\">\n\n\t\t\t\t\t\t\t\t\t<li><a class=\"elementor-price-list-item\" href=\"#\">\t\t\t\t\n\t\t\t\t<div class=\"elementor-price-list-text\">\n\t\t\t\t\t\t\t\t\t<div class=\"elementor-price-list-header\">\n\t\t\t\t\t\t\t\t\t\t\t<span class=\"elementor-price-list-title\">\n\t\t\t\t\t\t\t\u0627\u0644\u062d\u0627\u062c\u0628\t\t\t\t\t\t<\/span>\n\t\t\t\t\t\t\t\t\t\t\t\t\t\t\t\t\t\t<span class=\"elementor-price-list-separator\"><\/span>\n\t\t\t\t\t\t\t\t\t\t\t\t\t\t\t\t\t\t\t<span class=\"elementor-price-list-price\">4999 \u062b\u0627\u0646\u064a\u0629<\/span>\n\t\t\t\t\t\t\t\t\t\t<\/div>\n\t\t\t\t\t\t\t\t\t\t\t\t<\/div>\n\t\t\t\t<\/a><\/li>\t\t\t\t\t\t\t\t\t\t\t\t<li><a class=\"elementor-price-list-item\" href=\"#\">\t\t\t\t\n\t\t\t\t<div class=\"elementor-price-list-text\">\n\t\t\t\t\t\t\t\t\t<div class=\"elementor-price-list-header\">\n\t\t\t\t\t\t\t\t\t\t\t<span class=\"elementor-price-list-title\">\n\t\t\t\t\t\t\t\u0634\u0641\u0647\t\t\t\t\t\t<\/span>\n\t\t\t\t\t\t\t\t\t\t\t\t\t\t\t\t\t\t<span class=\"elementor-price-list-separator\"><\/span>\n\t\t\t\t\t\t\t\t\t\t\t\t\t\t\t\t\t\t\t<span class=\"elementor-price-list-price\">4999 \u062b\u0627\u0646\u064a\u0629<\/span>\n\t\t\t\t\t\t\t\t\t\t<\/div>\n\t\t\t\t\t\t\t\t\t\t\t\t<\/div>\n\t\t\t\t<\/a><\/li>\t\t\t\t\t\t\t\t\t\t\t\t<li><a class=\"elementor-price-list-item\" href=\"#\">\t\t\t\t\n\t\t\t\t<div class=\"elementor-price-list-text\">\n\t\t\t\t\t\t\t\t\t<div class=\"elementor-price-list-header\">\n\t\t\t\t\t\t\t\t\t\t\t<span class=\"elementor-price-list-title\">\n\t\t\t\t\t\t\t\u0645\u062d\u062f\u062f \u0627\u0644\u0634\u0641\u0627\u0647\t\t\t\t\t\t<\/span>\n\t\t\t\t\t\t\t\t\t\t\t\t\t\t\t\t\t\t<span class=\"elementor-price-list-separator\"><\/span>\n\t\t\t\t\t\t\t\t\t\t\t\t\t\t\t\t\t\t\t<span class=\"elementor-price-list-price\">3600 \u062b\u0627\u0646\u064a\u0629<\/span>\n\t\t\t\t\t\t\t\t\t\t<\/div>\n\t\t\t\t\t\t\t\t\t\t\t\t<\/div>\n\t\t\t\t<\/a><\/li>\t\t\t\t\t\t\t\t\t\t\t\t<li><a class=\"elementor-price-list-item\" href=\"#\">\t\t\t\t\n\t\t\t\t<div class=\"elementor-price-list-text\">\n\t\t\t\t\t\t\t\t\t<div class=\"elementor-price-list-header\">\n\t\t\t\t\t\t\t\t\t\t\t<span class=\"elementor-price-list-title\">\n\t\t\t\t\t\t\t\u0639\u0644\u0627\u0645\u0629 \u0647\u0627\u0645\u0634\u064a\u0629\t\t\t\t\t\t<\/span>\n\t\t\t\t\t\t\t\t\t\t\t\t\t\t\t\t\t\t<span class=\"elementor-price-list-separator\"><\/span>\n\t\t\t\t\t\t\t\t\t\t\t\t\t\t\t\t\t\t\t<span class=\"elementor-price-list-price\">2900 \u062b\u0627\u0646\u064a\u0629<\/span>\n\t\t\t\t\t\t\t\t\t\t<\/div>\n\t\t\t\t\t\t\t\t\t\t\t\t<\/div>\n\t\t\t\t<\/a><\/li>\t\t\t\t\t\t\t\t\t\t\t\t<li><a class=\"elementor-price-list-item\" href=\"#\">\t\t\t\t\n\t\t\t\t<div class=\"elementor-price-list-text\">\n\t\t\t\t\t\t\t\t\t<div class=\"elementor-price-list-header\">\n\t\t\t\t\t\t\t\t\t\t\t<span class=\"elementor-price-list-title\">\n\t\t\t\t\t\t\t\u0645\u062d\u062f\u062f \u0639\u064a\u0648\u0646 \u0633\u0645\u0648\u0643\u064a\t\t\t\t\t\t<\/span>\n\t\t\t\t\t\t\t\t\t\t\t\t\t\t\t\t\t\t<span class=\"elementor-price-list-separator\"><\/span>\n\t\t\t\t\t\t\t\t\t\t\t\t\t\t\t\t\t\t\t<span class=\"elementor-price-list-price\">4099 \u062b\u0627\u0646\u064a\u0629<\/span>\n\t\t\t\t\t\t\t\t\t\t<\/div>\n\t\t\t\t\t\t\t\t\t\t\t\t<\/div>\n\t\t\t\t<\/a><\/li>\t\t\t\t\t\t\t\t\t\t\t\t<li><a class=\"elementor-price-list-item\" href=\"#\">\t\t\t\t\n\t\t\t\t<div class=\"elementor-price-list-text\">\n\t\t\t\t\t\t\t\t\t<div class=\"elementor-price-list-header\">\n\t\t\t\t\t\t\t\t\t\t\t<span class=\"elementor-price-list-title\">\n\t\t\t\t\t\t\t\u0631\u0633\u0645\u0629 \u0627\u0644\u0622\u064a\u0644\u0627\u064a\u0646\u0631 \u0627\u0644\u0645\u062c\u0646\u062d\u0629\t\t\t\t\t\t<\/span>\n\t\t\t\t\t\t\t\t\t\t\t\t\t\t\t\t\t\t<span class=\"elementor-price-list-separator\"><\/span>\n\t\t\t\t\t\t\t\t\t\t\t\t\t\t\t\t\t\t\t<span class=\"elementor-price-list-price\">3600 \u062b\u0627\u0646\u064a\u0629<\/span>\n\t\t\t\t\t\t\t\t\t\t<\/div>\n\t\t\t\t\t\t\t\t\t\t\t\t<\/div>\n\t\t\t\t<\/a><\/li>\t\t\t\t\t\t\t\t\t\t\t\t<li><a class=\"elementor-price-list-item\" href=\"#\">\t\t\t\t\n\t\t\t\t<div class=\"elementor-price-list-text\">\n\t\t\t\t\t\t\t\t\t<div class=\"elementor-price-list-header\">\n\t\t\t\t\t\t\t\t\t\t\t<span class=\"elementor-price-list-title\">\n\t\t\t\t\t\t\t\u0643\u062d\u0644 \u0627\u0644\u0639\u064a\u0648\u0646 \u0644\u0623\u0633\u0641\u0644\t\t\t\t\t\t<\/span>\n\t\t\t\t\t\t\t\t\t\t\t\t\t\t\t\t\t\t<span class=\"elementor-price-list-separator\"><\/span>\n\t\t\t\t\t\t\t\t\t\t\t\t\t\t\t\t\t\t\t<span class=\"elementor-price-list-price\">2500 \u062b\u0627\u0646\u064a\u0629<\/span>\n\t\t\t\t\t\t\t\t\t\t<\/div>\n\t\t\t\t\t\t\t\t\t\t\t\t<\/div>\n\t\t\t\t<\/a><\/li>\t\t\t\t\t\t\t\t\t\t\t\t<li><a class=\"elementor-price-list-item\" href=\"#\">\t\t\t\t\n\t\t\t\t<div class=\"elementor-price-list-text\">\n\t\t\t\t\t\t\t\t\t<div class=\"elementor-price-list-header\">\n\t\t\t\t\t\t\t\t\t\t\t<span class=\"elementor-price-list-title\">\n\t\t\t\t\t\t\t\u0631\u0633\u0645\u0629 \u0627\u0644\u0622\u064a\u0644\u0627\u064a\u0646\u0631 \u0627\u0644\u0645\u062c\u0646\u062d\u0629 \u0645\u0646 \u0627\u0644\u0623\u0639\u0644\u0649 \u0648\u0627\u0644\u0623\u0633\u0641\u0644\t\t\t\t\t\t<\/span>\n\t\t\t\t\t\t\t\t\t\t\t\t\t\t\t\t\t\t<span class=\"elementor-price-list-separator\"><\/span>\n\t\t\t\t\t\t\t\t\t\t\t\t\t\t\t\t\t\t\t<span class=\"elementor-price-list-price\">4500 \u062b\u0627\u0646\u064a\u0629<\/span>\n\t\t\t\t\t\t\t\t\t\t<\/div>\n\t\t\t\t\t\t\t\t\t\t\t\t<\/div>\n\t\t\t\t<\/a><\/li>\t\t\t\t\t\t\t\t\t\t\t\t<li><a class=\"elementor-price-list-item\" href=\"#\">\t\t\t\t\n\t\t\t\t<div class=\"elementor-price-list-text\">\n\t\t\t\t\t\t\t\t\t<div class=\"elementor-price-list-header\">\n\t\t\t\t\t\t\t\t\t\t\t<span class=\"elementor-price-list-title\">\n\t\t\t\t\t\t\t\u062a\u062d\u062f\u064a\u062f \u0627\u0644\u0631\u0645\u0648\u0634 \u0648\u0643\u062d\u0644 \u0627\u0644\u0639\u064a\u0646 \u0623\u062f\u0646\u0627\u0647\t\t\t\t\t\t<\/span>\n\t\t\t\t\t\t\t\t\t\t\t\t\t\t\t\t\t\t<span class=\"elementor-price-list-separator\"><\/span>\n\t\t\t\t\t\t\t\t\t\t\t\t\t\t\t\t\t\t\t<span class=\"elementor-price-list-price\">3800 \u062b\u0627\u0646\u064a\u0629<\/span>\n\t\t\t\t\t\t\t\t\t\t<\/div>\n\t\t\t\t\t\t\t\t\t\t\t\t<\/div>\n\t\t\t\t<\/a><\/li>\t\t\t\t\t\t\t\t\t\t\t\t<li><a class=\"elementor-price-list-item\" href=\"#\">\t\t\t\t\n\t\t\t\t<div class=\"elementor-price-list-text\">\n\t\t\t\t\t\t\t\t\t<div class=\"elementor-price-list-header\">\n\t\t\t\t\t\t\t\t\t\t\t<span class=\"elementor-price-list-title\">\n\t\t\t\t\t\t\t\u0632\u064a\u0627\u0631\u0629 \u0639\u0648\u062f\u0629\t\t\t\t\t\t<\/span>\n\t\t\t\t\t\t\t\t\t\t\t\t\t\t\t\t\t\t<span class=\"elementor-price-list-separator\"><\/span>\n\t\t\t\t\t\t\t\t\t\t\t\t\t\t\t\t\t\t\t<span class=\"elementor-price-list-price\">FR 500 \u062b\u0627\u0646\u064a\u0629<\/span>\n\t\t\t\t\t\t\t\t\t\t<\/div>\n\t\t\t\t\t\t\t\t\t\t\t\t\t\t\t<p class=\"elementor-price-list-description\">\n\t\t\t\t\t\t\t0 - 2 \u0634\u0647\u0631 500 \u062b\u0627\u0646\u064a\u0629<br>\n3 - 6 \u0623\u0634\u0647\u0631 1000 \u062b\u0627\u0646\u064a\u0629<br>\n7 - 9 \u0623\u0634\u0647\u0631 1500 \u062b\u0627\u0646\u064a\u0629<br>\n\u0645\u0646 10 \u0625\u0644\u0649 18 \u0634\u0647\u0631\u064b\u0627 (\u0633\u0646\u0629 \u0648\u0646\u0635\u0641) 2500 \u0643\u0631\u0648\u0646\u0629 \u0633\u0648\u064a\u062f\u064a\u0629<br>\n19 - 24 \u0634\u0647\u0631\u064b\u0627 (\u0633\u0646\u062a\u0627\u0646) 3500 \u0643\u0631\u0648\u0646\u0629 \u0633\u0648\u064a\u062f\u064a\u0629<br>\t\t\t\t\t\t<\/p>\n\t\t\t\t\t\t\t\t<\/div>\n\t\t\t\t<\/a><\/li>\t\t\t\t\t\n\t\t<\/ul>\n\n\t\t\t\t\t\t<\/div>\n\t\t\t\t<div class=\"elementor-element elementor-element-f97690e cmsmasters-icon-arrangement-together cmsmasters-block-default cmsmasters-sticky-default elementor-widget elementor-widget-cmsmasters-button\" data-id=\"f97690e\" data-element_type=\"widget\" data-e-type=\"widget\" data-settings=\"{&quot;ekit_we_effect_on&quot;:&quot;none&quot;}\" data-widget_type=\"cmsmasters-button.default\">\n\t\t\t\t\t<div class=\"elementor-widget-cmsmasters-button__button-container\"><div class=\"elementor-widget-cmsmasters-button__button-container-inner\"><a href=\"https:\/\/rebornavenue.se\/ar\/%d8%a7%d9%84%d9%85%d9%83%d9%8a%d8%a7%d8%ac-%d8%a7%d9%84%d8%af%d8%a7%d8%a6%d9%85\/\" class=\"cmsmasters-button-link elementor-widget-cmsmasters-button__button cmsmasters-icon-view-default cmsmasters-icon-shape- cmsmasters-button-size-sm\" role=\"button\" tabindex=\"0\"><span class=\"elementor-widget-cmsmasters-button__content-wrapper cmsmasters-align-icon-right\"><span class=\"elementor-widget-cmsmasters-button__icon\"><i aria-hidden=\"true\" class=\"cmsdemo-icon- cms-demo-icon-arrow-diagonal\"><\/i><\/span><span class=\"elementor-widget-cmsmasters-button__text\">\u0634\u0627\u0647\u062f \u0627\u0644\u0645\u0632\u064a\u062f<\/span><\/span><\/a><\/div><\/div>\t\t\t\t<\/div>\n\t\t\t\t\t<\/div>\n\t\t\t\t<\/div>\n\t\t\t\t<\/div>\n\t\t\t\t<\/div>\n\t\t\t\t\t<\/div>\n\t\t\t\t<\/div>\n\t\t\t\t<\/div>\n\t\t\t\t<\/div>","protected":false},"excerpt":{"rendered":"<p>H\u00e4r hittar du alla v\u00e5ra priser f\u00f6r behandlingarna som vi erbjuder. Boka Tid PERMANENT MAKEUP \u00d6gonbryn 4 999 sek L\u00e4ppar 4 999 sek Lip liner 3 600 sek Fransmarkering 2 900 sek Smokey eyeliner 4 099 sek Eyeliner vinge 3 600 sek Eyeliner nere 2 500 sek Eyeliner vinge uppe &#038; nere 4 500 sek&#8230;<\/p>","protected":false},"author":1,"featured_media":36386,"parent":29371,"menu_order":0,"comment_status":"closed","ping_status":"closed","template":"","meta":{"_acf_changed":false,"footnotes":""},"class_list":["post-35706","page","type-page","status-publish","has-post-thumbnail","hentry"],"acf":[],"_links":{"self":[{"href":"https:\/\/rebornavenue.se\/ar\/wp-json\/wp\/v2\/pages\/35706","targetHints":{"allow":["GET"]}}],"collection":[{"href":"https:\/\/rebornavenue.se\/ar\/wp-json\/wp\/v2\/pages"}],"about":[{"href":"https:\/\/rebornavenue.se\/ar\/wp-json\/wp\/v2\/types\/page"}],"author":[{"embeddable":true,"href":"https:\/\/rebornavenue.se\/ar\/wp-json\/wp\/v2\/users\/1"}],"replies":[{"embeddable":true,"href":"https:\/\/rebornavenue.se\/ar\/wp-json\/wp\/v2\/comments?post=35706"}],"version-history":[{"count":0,"href":"https:\/\/rebornavenue.se\/ar\/wp-json\/wp\/v2\/pages\/35706\/revisions"}],"up":[{"embeddable":true,"href":"https:\/\/rebornavenue.se\/ar\/wp-json\/wp\/v2\/pages\/29371"}],"wp:featuredmedia":[{"embeddable":true,"href":"https:\/\/rebornavenue.se\/ar\/wp-json\/wp\/v2\/media\/36386"}],"wp:attachment":[{"href":"https:\/\/rebornavenue.se\/ar\/wp-json\/wp\/v2\/media?parent=35706"}],"curies":[{"name":"wp","href":"https:\/\/api.w.org\/{rel}","templated":true}]}}