{"id":29468,"date":"2024-01-19T10:04:06","date_gmt":"2024-01-19T10:04:06","guid":{"rendered":"https:\/\/theme-dev.cmsmasters.net\/dental\/?post_type=product&#038;p=28718"},"modified":"2025-11-27T11:19:17","modified_gmt":"2025-11-27T10:19:17","slug":"%d8%af%d9%88%d8%b1%d8%a9-%d8%b1%d9%81%d8%b9-%d8%a7%d9%84%d8%b1%d9%85%d9%88%d8%b4-%d9%88%d8%b1%d9%81%d8%b9-%d8%a7%d9%84%d8%ad%d9%88%d8%a7%d8%ac%d8%a8","status":"publish","type":"product","link":"https:\/\/rebornavenue.se\/ar\/lash-lift-brow-lift-kurs\/","title":{"rendered":"Lash Lift &#038; Brow Lift Kurs"},"content":{"rendered":"<h2 data-start=\"282\" data-end=\"595\">\u062f\u0648\u0631\u0629 \u0631\u0641\u0639 \u0627\u0644\u0631\u0645\u0648\u0634 \u0648\u0627\u0644\u062d\u0648\u0627\u062c\u0628<\/h2>\n<p data-start=\"282\" data-end=\"595\">\u0639\u0645\u0651\u0642\u064a \u0645\u0639\u0631\u0641\u062a\u0643\u0650 \u0628\u062a\u0642\u0646\u064a\u0627\u062a \u0631\u0641\u0639 \u0627\u0644\u0631\u0645\u0648\u0634 \u0648\u0627\u0644\u062d\u0648\u0627\u062c\u0628\u060c \u0648\u062a\u0639\u0644\u0651\u0645\u064a \u0643\u064a\u0641\u064a\u0629 \u0627\u0644\u0639\u0645\u0644 \u0628\u0623\u0645\u0627\u0646 \u0648\u062c\u0645\u0627\u0644\u064a\u0629 \u0648\u0641\u0639\u0627\u0644\u064a\u0629. \u0633\u064a\u0648\u0641\u0631 \u0644\u0643\u0650 \u0647\u0630\u0627 \u0627\u0644\u062a\u062f\u0631\u064a\u0628 \u0641\u0647\u0645\u064b\u0627 \u0634\u0627\u0645\u0644\u0627\u064b \u0644\u0628\u0646\u064a\u0629 \u0627\u0644\u0634\u0639\u0631\u0629\u060c \u0648\u0627\u0644\u062a\u0631\u0643\u064a\u0628 \u0627\u0644\u0643\u064a\u0645\u064a\u0627\u0626\u064a \u0644\u0633\u0648\u0627\u0626\u0644 \u0627\u0644\u062a\u062c\u0639\u064a\u062f\u060c \u0648\u0643\u064a\u0641\u064a\u0629 \u062a\u0641\u0627\u0639\u0644 \u0623\u0646\u0648\u0627\u0639 \u0627\u0644\u0634\u0639\u0631 \u0627\u0644\u0645\u062e\u062a\u0644\u0641\u0629 \u0623\u062b\u0646\u0627\u0621 \u0627\u0644\u0639\u0644\u0627\u062c \u0644\u0644\u062d\u0635\u0648\u0644 \u0639\u0644\u0649 \u0631\u0641\u0639 \u0637\u0628\u064a\u0639\u064a \u0648\u062f\u0627\u0626\u0645.<\/p>\n<p data-start=\"597\" data-end=\"957\">\u0646\u0645\u0631\u0651 \u0628\u0627\u0644\u0639\u0645\u0644\u064a\u0629 \u0643\u0627\u0645\u0644\u0629\u064b: \u0628\u062f\u0621\u064b\u0627 \u0645\u0646 \u0628\u0646\u064a\u0629 \u0627\u0644\u0634\u0639\u0631\u060c \u0648\u062a\u062d\u0644\u064a\u0644 \u0627\u0644\u0628\u0634\u0631\u0629\u060c \u0648\u062a\u062d\u062f\u064a\u062f \u0648\u0642\u062a \u0627\u0644\u062a\u0639\u0631\u0636 \u0627\u0644\u0623\u0645\u062b\u0644\u060c \u0648\u0635\u0648\u0644\u064b\u0627 \u0625\u0644\u0649 \u0627\u0644\u062a\u0634\u0643\u064a\u0644\u060c \u0648\u0627\u0644\u062a\u0637\u0628\u064a\u0642\u060c \u0648\u062a\u0642\u064a\u064a\u0645 \u0627\u0644\u0645\u062e\u0627\u0637\u0631\u060c \u0648\u0627\u0644\u0639\u0646\u0627\u064a\u0629 \u0627\u0644\u0644\u0627\u062d\u0642\u0629. \u0633\u062a\u062a\u0639\u0644\u0645 \u0643\u064a\u0641\u064a\u0629 \u062a\u0643\u064a\u064a\u0641 \u0627\u0644\u062a\u0642\u0646\u064a\u0629 \u0645\u0639 \u062d\u0627\u0644\u0629 \u0643\u0644 \u0639\u0645\u064a\u0644 \u0639\u0644\u0649 \u062d\u062f\u0629\u060c \u0648\u062e\u0644\u0642 \u062a\u0646\u0627\u0633\u0642 \u0648\u0627\u0645\u062a\u0644\u0627\u0621 \u0648\u0631\u0641\u0639 \u064a\u064f\u0628\u0631\u0632 \u0645\u0644\u0627\u0645\u062d \u0627\u0644\u0648\u062c\u0647 \u0627\u0644\u0637\u0628\u064a\u0639\u064a\u0629. \u064a\u0646\u0635\u0628\u0651 \u0627\u0644\u062a\u0631\u0643\u064a\u0632 \u0639\u0644\u0649 \u0627\u0644\u0633\u0644\u0627\u0645\u0629 \u0648\u0627\u0644\u062f\u0642\u0629 \u0648\u062b\u0642\u0629 \u0627\u0644\u0639\u0645\u064a\u0644 \u0641\u064a \u0643\u0644 \u062e\u0637\u0648\u0629.<\/p>\n<p data-start=\"959\" data-end=\"1115\">\u0647\u0630\u0627 \u0627\u0644\u062a\u062f\u0631\u064a\u0628 \u0645\u0646\u0627\u0633\u0628 \u0644\u0643\u0644 \u0645\u0646 \u0627\u0644\u0645\u0628\u062a\u062f\u0626\u064a\u0646 \u0648\u0627\u0644\u0645\u0639\u0627\u0644\u062c\u064a\u0646 \u0627\u0644\u0630\u064a\u0646 \u064a\u0631\u063a\u0628\u0648\u0646 \u0641\u064a \u062a\u0637\u0648\u064a\u0631 \u062a\u0642\u0646\u064a\u0627\u062a\u0647\u0645 \u0648\u062a\u0642\u062f\u064a\u0645 \u0646\u062a\u0627\u0626\u062c \u0622\u0645\u0646\u0629 \u0648\u0639\u0627\u0644\u064a\u0629 \u0627\u0644\u062c\u0648\u062f\u0629 \u0641\u064a \u0639\u0644\u0627\u062c\u0627\u062a \u0627\u0644\u0631\u0645\u0648\u0634 \u0648\u0627\u0644\u062d\u0648\u0627\u062c\u0628.<\/p>\n<p data-start=\"1117\" data-end=\"1254\">\u064a\u0645\u0643\u0646\u0643 \u0627\u062e\u062a\u064a\u0627\u0631 \u0627\u0644\u0630\u0647\u0627\u0628 <strong data-start=\"1137\" data-end=\"1172\">\u0643\u0644\u0627 \u0627\u0644\u062f\u0648\u0631\u062a\u064a\u0646 \u0645\u0639\u064b\u0627<\/strong>, \u0623\u0648 \u0643\u062a\u0627\u0628 <strong data-start=\"1185\" data-end=\"1204\">\u0631\u0641\u0639 \u0627\u0644\u0631\u0645\u0648\u0634 \u0641\u0642\u0637<\/strong> \u0623\u0648 <strong data-start=\"1211\" data-end=\"1230\">\u0631\u0641\u0639 \u0627\u0644\u062d\u0648\u0627\u062c\u0628 \u0641\u0642\u0637<\/strong> \u0644 <strong data-start=\"1235\" data-end=\"1247\">5,999 \u0643\u0631\u0648\u0646\u0629 \u0633\u0648\u064a\u062f\u064a\u0629<\/strong> \u0642\u0637\u0639\u0629.<\/p>\n<p data-start=\"1117\" data-end=\"1254\">\n<hr data-start=\"1256\" data-end=\"1259\" \/>\n<h3 data-start=\"1261\" data-end=\"1301\"><strong data-start=\"1263\" data-end=\"1301\">\u0644\u0645\u0627\u0630\u0627 \u062a\u062e\u062a\u0627\u0631 \u0623\u0643\u0627\u062f\u064a\u0645\u064a\u0629 \u0631\u064a\u0628\u0648\u0631\u0646 \u0623\u0641\u064a\u0646\u064a\u0648\u061f<\/strong><\/h3>\n<p data-start=\"1303\" data-end=\"1599\">\u2022 \u0627\u0644\u062a\u062f\u0631\u064a\u0628 \u0639\u0644\u0649 \u064a\u062f \u0623\u062e\u0635\u0627\u0626\u064a\u0629 \u0631\u0645\u0648\u0634 \u0648\u062d\u0648\u0627\u062c\u0628 \u0630\u0627\u062a \u062e\u0628\u0631\u0629<br data-start=\"1352\" data-end=\"1355\" \/>\u2022 \u0645\u0648\u0627\u062f \u0627\u0644\u0627\u0639\u062a\u0645\u0627\u062f \u0628\u062a\u0646\u0633\u064a\u0642 \u0627\u062d\u062a\u0631\u0627\u0641\u064a \u0648\u062a\u0639\u0644\u064a\u0645\u064a<br data-start=\"1418\" data-end=\"1421\" \/>\u2022 \u0627\u0644\u062a\u0631\u0643\u064a\u0632 \u0639\u0644\u0649 \u0627\u0644\u0633\u0644\u0627\u0645\u0629 \u0648\u0627\u0644\u062c\u0645\u0627\u0644\u064a\u0627\u062a \u0648\u0627\u0644\u062f\u0642\u0629 \u0627\u0644\u062a\u0642\u0646\u064a\u0629<br data-start=\"1471\" data-end=\"1474\" \/>\u2022 \u0645\u062c\u0645\u0648\u0639\u0627\u062a \u0635\u063a\u064a\u0631\u0629 \u0645\u0639 \u0625\u0634\u0631\u0627\u0641 \u0641\u0631\u062f\u064a<br data-start=\"1515\" data-end=\"1518\" \/>\u2022 \u0627\u0644\u062a\u062b\u0642\u064a\u0641 \u0648\u0641\u0642\u064b\u0627 \u0644\u0625\u0631\u0634\u0627\u062f\u0627\u062a \u0627\u0644\u0635\u0646\u0627\u0639\u0629 \u0645\u0646 \u0623\u062c\u0644 \u0639\u0644\u0627\u062c\u0627\u062a \u0622\u0645\u0646\u0629 \u0648\u0635\u062d\u064a\u062d\u0629<\/p>","protected":false},"excerpt":{"rendered":"<p>L\u00e4r dig arbeta s\u00e4kert och professionellt med lashlift och browlift. Du f\u00e5r f\u00f6rst\u00e5else f\u00f6r h\u00e5rstr\u00e5ets struktur, kemin bakom permanentv\u00e4tskorna och hur olika h\u00e5rtyper reagerar under behandlingen. Vi g\u00e5r igenom formning, applicering, verkningstider och s\u00e4kerhet f\u00f6r att skapa naturliga och h\u00e5llbara lyft. Kursen passar b\u00e5de nyb\u00f6rjare och terapeuter som vill utvecklas och leverera j\u00e4mna, trygga och h\u00f6gkvalitativa resultat.<\/p>","protected":false},"featured_media":37533,"comment_status":"open","ping_status":"closed","template":"","meta":{"_acf_changed":false},"product_brand":[],"product_cat":[72],"product_tag":[39,45,55],"class_list":{"0":"post-29468","1":"product","2":"type-product","3":"status-publish","4":"has-post-thumbnail","6":"product_cat-kurser","7":"product_tag-cosmetics","8":"product_tag-dermatology","9":"product_tag-skin","11":"first","12":"instock","13":"taxable","14":"shipping-taxable","15":"purchasable","16":"product-type-simple"},"acf":[],"_links":{"self":[{"href":"https:\/\/rebornavenue.se\/ar\/wp-json\/wp\/v2\/product\/29468","targetHints":{"allow":["GET"]}}],"collection":[{"href":"https:\/\/rebornavenue.se\/ar\/wp-json\/wp\/v2\/product"}],"about":[{"href":"https:\/\/rebornavenue.se\/ar\/wp-json\/wp\/v2\/types\/product"}],"replies":[{"embeddable":true,"href":"https:\/\/rebornavenue.se\/ar\/wp-json\/wp\/v2\/comments?post=29468"}],"version-history":[{"count":0,"href":"https:\/\/rebornavenue.se\/ar\/wp-json\/wp\/v2\/product\/29468\/revisions"}],"wp:featuredmedia":[{"embeddable":true,"href":"https:\/\/rebornavenue.se\/ar\/wp-json\/wp\/v2\/media\/37533"}],"wp:attachment":[{"href":"https:\/\/rebornavenue.se\/ar\/wp-json\/wp\/v2\/media?parent=29468"}],"wp:term":[{"taxonomy":"product_brand","embeddable":true,"href":"https:\/\/rebornavenue.se\/ar\/wp-json\/wp\/v2\/product_brand?post=29468"},{"taxonomy":"product_cat","embeddable":true,"href":"https:\/\/rebornavenue.se\/ar\/wp-json\/wp\/v2\/product_cat?post=29468"},{"taxonomy":"product_tag","embeddable":true,"href":"https:\/\/rebornavenue.se\/ar\/wp-json\/wp\/v2\/product_tag?post=29468"}],"curies":[{"name":"wp","href":"https:\/\/api.w.org\/{rel}","templated":true}]}}