{"id":29470,"date":"2024-01-19T10:04:08","date_gmt":"2024-01-19T10:04:08","guid":{"rendered":"https:\/\/theme-dev.cmsmasters.net\/dental\/?post_type=product&#038;p=28720"},"modified":"2025-11-27T11:19:17","modified_gmt":"2025-11-27T10:19:17","slug":"%d8%af%d9%88%d8%b1%d8%a9-%d9%85%d8%aa%d9%82%d8%af%d9%85%d8%a9-%d9%81%d9%8a-%d8%a5%d8%b2%d8%a7%d9%84%d8%a9-%d8%a7%d9%84%d8%b4%d8%b9%d8%b1-%d8%a8%d8%a7%d9%84%d9%84%d9%8a%d8%b2%d8%b1","status":"publish","type":"product","link":"https:\/\/rebornavenue.se\/ar\/avancerad-laserharborttagning-kurs\/","title":{"rendered":"\u062f\u0648\u0631\u0627\u062a \u0645\u062a\u0642\u062f\u0645\u0629 \u0641\u064a \u0625\u0632\u0627\u0644\u0629 \u0627\u0644\u0634\u0639\u0631 \u0628\u0627\u0644\u0644\u064a\u0632\u0631"},"content":{"rendered":"<h2 data-start=\"254\" data-end=\"595\">\u062f\u0648\u0631\u0627\u062a \u0645\u062a\u0642\u062f\u0645\u0629 \u0641\u064a \u0625\u0632\u0627\u0644\u0629 \u0627\u0644\u0634\u0639\u0631 \u0628\u0627\u0644\u0644\u064a\u0632\u0631<\/h2>\n<p data-start=\"254\" data-end=\"595\">\u0639\u0645\u0651\u0642 \u0645\u0639\u0631\u0641\u062a\u0643 \u0628\u062a\u0642\u0646\u064a\u0629 \u0627\u0644\u0644\u064a\u0632\u0631 \u0648\u062a\u0639\u0644\u0651\u0645 \u0643\u064a\u0641\u064a\u0629 \u0627\u0644\u0639\u0645\u0644 \u0628\u0645\u0633\u062a\u0648\u0649 \u0645\u062a\u0642\u062f\u0645 \u0648\u0622\u0645\u0646 \u0648\u0641\u0639\u0651\u0627\u0644. \u0633\u064a\u0648\u0641\u0631 \u0644\u0643 \u0647\u0630\u0627 \u0627\u0644\u062a\u062f\u0631\u064a\u0628 \u0641\u0647\u0645\u064b\u0627 \u0634\u0627\u0645\u0644\u0627\u064b \u0644\u0643\u064a\u0641\u064a\u0629 \u062a\u0623\u062b\u064a\u0631 \u0627\u0644\u0644\u064a\u0632\u0631 \u0639\u0644\u0649 \u0628\u0635\u064a\u0644\u0627\u062a \u0627\u0644\u0634\u0639\u0631 \u0648\u0627\u0644\u062c\u0644\u062f \u0648\u0627\u0644\u0635\u0628\u063a\u0629\u060c \u0648\u0643\u064a\u0641\u064a\u0629 \u062a\u0623\u062b\u064a\u0631 \u0627\u0644\u0623\u0637\u0648\u0627\u0644 \u0627\u0644\u0645\u0648\u062c\u064a\u0629 \u0627\u0644\u0645\u062e\u062a\u0644\u0641\u0629 \u0645\u062b\u0644 <strong data-start=\"490\" data-end=\"520\">755 \u0646\u0627\u0646\u0648\u0645\u062a\u0631\u060c 808 \u0646\u0627\u0646\u0648\u0645\u062a\u0631 \u0648 1064 \u0646\u0627\u0646\u0648\u0645\u062a\u0631<\/strong> \u064a\u062a\u0645 \u0627\u0645\u062a\u0635\u0627\u0635\u0647 \u0641\u064a \u0627\u0644\u0645\u064a\u0644\u0627\u0646\u064a\u0646 \u0644\u062a\u0648\u0641\u064a\u0631 \u062a\u0642\u0644\u064a\u0644 \u0641\u0639\u0627\u0644 \u0644\u0644\u0634\u0639\u0631 \u0639\u0644\u0649 \u0623\u0646\u0648\u0627\u0639 \u0627\u0644\u0628\u0634\u0631\u0629 \u0627\u0644\u0645\u062e\u062a\u0644\u0641\u0629.<\/p>\n<p data-start=\"597\" data-end=\"945\">\u0646\u062a\u0646\u0627\u0648\u0644 \u0633\u0644\u0633\u0644\u0629 \u0627\u0644\u0639\u0644\u0627\u062c \u0628\u0623\u0643\u0645\u0644\u0647\u0627: \u0628\u062f\u0621\u064b\u0627 \u0645\u0646 \u0641\u064a\u0632\u064a\u0627\u0621 \u0627\u0644\u0636\u0648\u0621\u060c \u0648\u062a\u0634\u0631\u064a\u062d \u0627\u0644\u062c\u0644\u062f \u0648\u0627\u0644\u0634\u0639\u0631\u060c \u0648\u0645\u0639\u0627\u064a\u064a\u0631 \u0627\u0644\u0637\u0627\u0642\u0629 \u0648\u0625\u062c\u0631\u0627\u0621\u0627\u062a \u0627\u0644\u0633\u0644\u0627\u0645\u0629\u060c \u0648\u0635\u0648\u0644\u064b\u0627 \u0625\u0644\u0649 \u0627\u0644\u062a\u0637\u0628\u064a\u0642 \u0627\u0644\u0639\u0645\u0644\u064a\u060c \u0648\u062a\u0642\u064a\u064a\u0645 \u0627\u0644\u0645\u062e\u0627\u0637\u0631\u060c \u0648\u0627\u0644\u0631\u0639\u0627\u064a\u0629 \u0627\u0644\u0644\u0627\u062d\u0642\u0629. \u0633\u062a\u062a\u0639\u0644\u0645 \u0643\u064a\u0641\u064a\u0629 \u0636\u0628\u0637 \u0643\u062b\u0627\u0641\u0629 \u0627\u0644\u0637\u0627\u0642\u0629\u060c \u0648\u0645\u062f\u0629 \u0627\u0644\u0646\u0628\u0636\u0629\u060c \u0648\u0627\u0644\u062a\u0642\u0646\u064a\u0629 \u0644\u062a\u062d\u0642\u064a\u0642 \u0623\u0642\u0635\u0649 \u0642\u062f\u0631 \u0645\u0646 \u0627\u0644\u0641\u0639\u0627\u0644\u064a\u0629 \u0628\u0623\u0642\u0644 \u0642\u062f\u0631 \u0645\u0646 \u0627\u0644\u0645\u062e\u0627\u0637\u0631\u060c \u0628\u0627\u0644\u0625\u0636\u0627\u0641\u0629 \u0625\u0644\u0649 \u0643\u064a\u0641\u064a\u0629 \u0627\u0644\u0639\u0645\u0644 \u0628\u0634\u0643\u0644 \u0627\u062d\u062a\u0631\u0627\u0641\u064a \u0648\u0645\u0631\u0627\u0639\u0627\u0629 \u0644\u0627\u062d\u062a\u064a\u0627\u062c\u0627\u062a \u0643\u0644 \u0645\u0631\u064a\u0636 \u0641\u064a \u0645\u062e\u062a\u0644\u0641 \u0627\u0644\u062d\u0627\u0644\u0627\u062a \u0627\u0644\u0633\u0631\u064a\u0631\u064a\u0629.<\/p>\n<p data-start=\"947\" data-end=\"1115\">\u0627\u0644\u062a\u062f\u0631\u064a\u0628 \u0645\u0646\u0627\u0633\u0628 \u0644\u0643\u0644 \u0645\u0646 \u0627\u0644\u0645\u0628\u062a\u062f\u0626\u064a\u0646 \u0648\u0623\u0648\u0644\u0626\u0643 \u0627\u0644\u0630\u064a\u0646 \u0644\u062f\u064a\u0647\u0645 \u0628\u0627\u0644\u0641\u0639\u0644 \u0627\u0644\u0623\u0633\u0627\u0633\u064a\u0627\u062a \u0648\u064a\u0631\u063a\u0628\u0648\u0646 \u0641\u064a \u062a\u0637\u0648\u064a\u0631 \u0623\u0633\u0644\u0648\u0628\u0647\u0645\u060c \u0648\u0627\u0644\u0639\u0645\u0644 \u0628\u0634\u0643\u0644 \u0623\u0643\u062b\u0631 \u0642\u0627\u0646\u0648\u0646\u064a\u0629\u060c \u0648\u062a\u0642\u062f\u064a\u0645 \u0639\u0644\u0627\u062c\u0627\u062a \u0622\u0645\u0646\u0629 \u0648\u0639\u0627\u0644\u064a\u0629 \u0627\u0644\u062c\u0648\u062f\u0629.<\/p>\n<hr data-start=\"1256\" data-end=\"1259\" \/>\n<h3 data-start=\"1261\" data-end=\"1301\"><\/h3>\n<h3 data-start=\"1261\" data-end=\"1301\"><strong data-start=\"1263\" data-end=\"1301\">\u0644\u0645\u0627\u0630\u0627 \u062a\u062e\u062a\u0627\u0631 \u0623\u0643\u0627\u062f\u064a\u0645\u064a\u0629 \u0631\u064a\u0628\u0648\u0631\u0646 \u0623\u0641\u064a\u0646\u064a\u0648\u061f<\/strong><\/h3>\n<p data-start=\"193\" data-end=\"462\">\u2022\u064a\u0642\u0648\u062f \u0627\u0644\u062a\u062f\u0631\u064a\u0628 \u0645\u0639\u0627\u0644\u062c \u0644\u064a\u0632\u0631 \u0648\u0628\u0634\u0631\u0629 \u0630\u0648 \u062e\u0628\u0631\u0629<br \/>\n\u2022 \u0645\u0648\u0627\u062f \u0627\u0644\u062f\u0648\u0631\u0629 \u0627\u0644\u062a\u062f\u0631\u064a\u0628\u064a\u0629 \u0628\u0635\u064a\u063a\u0629 \u0634\u0647\u0627\u062f\u0629 \u0645\u0647\u0646\u064a\u0629<br \/>\n\u2022 \u0627\u0644\u062a\u0631\u0643\u064a\u0632 \u0639\u0644\u0649 \u0633\u0644\u0627\u0645\u0629 \u0627\u0644\u0639\u0645\u0644\u0627\u0621\u060c \u0648\u0627\u0644\u062c\u0645\u0627\u0644\u064a\u0627\u062a\u060c \u0648\u0627\u0644\u0641\u0647\u0645 \u0627\u0644\u062a\u0642\u0646\u064a<br \/>\n\u2022 \u0645\u062c\u0645\u0648\u0639\u0627\u062a \u0635\u063a\u064a\u0631\u0629 \u0645\u0639 \u0625\u0634\u0631\u0627\u0641 \u0641\u0631\u062f\u064a<br \/>\n\u2022 \u062a\u062f\u0631\u064a\u0633 \u0645\u064f\u0643\u064a\u0651\u0641 \u0648\u0641\u0642\u064b\u0627 \u0644\u0645\u0639\u0627\u064a\u064a\u0631 \u0627\u0644\u0627\u062a\u062d\u0627\u062f \u0627\u0644\u0623\u0648\u0631\u0648\u0628\u064a<\/p>","protected":false},"excerpt":{"rendered":"<p>L\u00e4r dig arbeta s\u00e4kert och professionellt med avancerad laserh\u00e5rborttagning. Du f\u00e5r f\u00f6rst\u00e5else f\u00f6r hur laser och v\u00e5gl\u00e4ngderna <strong data-start=\"225\" data-end=\"249\">755, 808 och 1064 nm<\/strong> p\u00e5verkar h\u00e5rs\u00e4ckar och hud. Vi g\u00e5r igenom ljusets fysik, anatomi, energiparametrar och s\u00e4kerhet. Kursen passar b\u00e5de nyb\u00f6rjare och terapeuter som vill utvecklas och leverera trygga resultat.<\/p>","protected":false},"featured_media":37532,"comment_status":"open","ping_status":"closed","template":"","meta":{"_acf_changed":false},"product_brand":[],"product_cat":[72],"product_tag":[39,41,55],"class_list":{"0":"post-29470","1":"product","2":"type-product","3":"status-publish","4":"has-post-thumbnail","6":"product_cat-kurser","7":"product_tag-cosmetics","8":"product_tag-cosmetologist","9":"product_tag-skin","11":"first","12":"instock","13":"taxable","14":"shipping-taxable","15":"purchasable","16":"product-type-simple"},"acf":[],"_links":{"self":[{"href":"https:\/\/rebornavenue.se\/ar\/wp-json\/wp\/v2\/product\/29470","targetHints":{"allow":["GET"]}}],"collection":[{"href":"https:\/\/rebornavenue.se\/ar\/wp-json\/wp\/v2\/product"}],"about":[{"href":"https:\/\/rebornavenue.se\/ar\/wp-json\/wp\/v2\/types\/product"}],"replies":[{"embeddable":true,"href":"https:\/\/rebornavenue.se\/ar\/wp-json\/wp\/v2\/comments?post=29470"}],"version-history":[{"count":0,"href":"https:\/\/rebornavenue.se\/ar\/wp-json\/wp\/v2\/product\/29470\/revisions"}],"wp:featuredmedia":[{"embeddable":true,"href":"https:\/\/rebornavenue.se\/ar\/wp-json\/wp\/v2\/media\/37532"}],"wp:attachment":[{"href":"https:\/\/rebornavenue.se\/ar\/wp-json\/wp\/v2\/media?parent=29470"}],"wp:term":[{"taxonomy":"product_brand","embeddable":true,"href":"https:\/\/rebornavenue.se\/ar\/wp-json\/wp\/v2\/product_brand?post=29470"},{"taxonomy":"product_cat","embeddable":true,"href":"https:\/\/rebornavenue.se\/ar\/wp-json\/wp\/v2\/product_cat?post=29470"},{"taxonomy":"product_tag","embeddable":true,"href":"https:\/\/rebornavenue.se\/ar\/wp-json\/wp\/v2\/product_tag?post=29470"}],"curies":[{"name":"wp","href":"https:\/\/api.w.org\/{rel}","templated":true}]}}