{"id":29468,"date":"2024-01-19T10:04:06","date_gmt":"2024-01-19T10:04:06","guid":{"rendered":"https:\/\/theme-dev.cmsmasters.net\/dental\/?post_type=product&#038;p=28718"},"modified":"2025-11-27T11:19:17","modified_gmt":"2025-11-27T10:19:17","slug":"vippeloft-og-brynloftningskursus","status":"publish","type":"product","link":"https:\/\/rebornavenue.se\/da\/lash-lift-brow-lift-kurs\/","title":{"rendered":"Lash Lift &#038; Brow Lift Kurs"},"content":{"rendered":"<h2 data-start=\"282\" data-end=\"595\">Lash Lift &amp; Bryn Lift Kursus<\/h2>\n<p data-start=\"282\" data-end=\"595\">F\u00e5 dybere viden om vippe- og brynl\u00f8ft, og l\u00e6r at arbejde p\u00e5 et sikkert, \u00e6stetisk og resultatorienteret niveau. Denne tr\u00e6ning vil give dig en komplet forst\u00e5else af h\u00e5rskaftets anatomi, kemien bag permanentv\u00e6skerne, og hvordan forskellige h\u00e5rtyper reagerer under behandlingen for at skabe naturlige, varige l\u00f8ft.<\/p>\n<p data-start=\"597\" data-end=\"957\">Vi gennemg\u00e5r hele processen: fra h\u00e5rstruktur, hudanalyse og korrekt eksponeringstid til formning, p\u00e5f\u00f8ring, risikovurdering og efterpleje. Du l\u00e6rer at tilpasse teknikken til klientens individuelle forhold og skabe symmetri, fylde og et l\u00f8ft, der fremh\u00e6ver ansigtets naturlige tr\u00e6k. Fokus er p\u00e5 sikkerhed, pr\u00e6cision og kundetillid i hvert trin.<\/p>\n<p data-start=\"959\" data-end=\"1115\">Uddannelsen er velegnet til b\u00e5de begyndere og terapeuter, der \u00f8nsker at udvikle deres teknik og levere sikre resultater af h\u00f8j kvalitet inden for vippe- og \u00f8jenbrynsbehandlinger.<\/p>\n<p data-start=\"1117\" data-end=\"1254\">Du kan v\u00e6lge at g\u00e5 <strong data-start=\"1137\" data-end=\"1172\">begge kurser sammen<\/strong>, eller bog <strong data-start=\"1185\" data-end=\"1204\">Kun vippel\u00f8ft<\/strong> eller <strong data-start=\"1211\" data-end=\"1230\">Kun \u00f8jenbrynsl\u00f8ft<\/strong> for <strong data-start=\"1235\" data-end=\"1247\">5.999 SEK<\/strong> stykke.<\/p>\n<p data-start=\"1117\" data-end=\"1254\">\n<hr data-start=\"1256\" data-end=\"1259\" \/>\n<h3 data-start=\"1261\" data-end=\"1301\"><strong data-start=\"1263\" data-end=\"1301\">Hvorfor v\u00e6lge Reborn Avenue Academy<\/strong><\/h3>\n<p data-start=\"1303\" data-end=\"1599\">\u2022 Undervisning af en erfaren vippe- og brynterapeut<br data-start=\"1352\" data-end=\"1355\" \/>\u2022 Certificeringsmaterialer i et professionelt og p\u00e6dagogisk format<br data-start=\"1418\" data-end=\"1421\" \/>\u2022 Fokus p\u00e5 sikkerhed, \u00e6stetik og teknisk pr\u00e6cision<br data-start=\"1471\" data-end=\"1474\" \/>\u2022 Sm\u00e5 grupper med individuel supervision<br data-start=\"1515\" data-end=\"1518\" \/>\u2022 Uddannelse i henhold til branchens retningslinjer for sikre og korrekte behandlinger<\/p>","protected":false},"excerpt":{"rendered":"<p>L\u00e4r dig arbeta s\u00e4kert och professionellt med lashlift och browlift. Du f\u00e5r f\u00f6rst\u00e5else f\u00f6r h\u00e5rstr\u00e5ets struktur, kemin bakom permanentv\u00e4tskorna och hur olika h\u00e5rtyper reagerar under behandlingen. Vi g\u00e5r igenom formning, applicering, verkningstider och s\u00e4kerhet f\u00f6r att skapa naturliga och h\u00e5llbara lyft. Kursen passar b\u00e5de nyb\u00f6rjare och terapeuter som vill utvecklas och leverera j\u00e4mna, trygga och h\u00f6gkvalitativa resultat.<\/p>","protected":false},"featured_media":37533,"comment_status":"open","ping_status":"closed","template":"","meta":{"_acf_changed":false},"product_brand":[],"product_cat":[72],"product_tag":[39,45,55],"class_list":{"0":"post-29468","1":"product","2":"type-product","3":"status-publish","4":"has-post-thumbnail","6":"product_cat-kurser","7":"product_tag-cosmetics","8":"product_tag-dermatology","9":"product_tag-skin","11":"first","12":"instock","13":"taxable","14":"shipping-taxable","15":"purchasable","16":"product-type-simple"},"acf":[],"_links":{"self":[{"href":"https:\/\/rebornavenue.se\/da\/wp-json\/wp\/v2\/product\/29468","targetHints":{"allow":["GET"]}}],"collection":[{"href":"https:\/\/rebornavenue.se\/da\/wp-json\/wp\/v2\/product"}],"about":[{"href":"https:\/\/rebornavenue.se\/da\/wp-json\/wp\/v2\/types\/product"}],"replies":[{"embeddable":true,"href":"https:\/\/rebornavenue.se\/da\/wp-json\/wp\/v2\/comments?post=29468"}],"version-history":[{"count":0,"href":"https:\/\/rebornavenue.se\/da\/wp-json\/wp\/v2\/product\/29468\/revisions"}],"wp:featuredmedia":[{"embeddable":true,"href":"https:\/\/rebornavenue.se\/da\/wp-json\/wp\/v2\/media\/37533"}],"wp:attachment":[{"href":"https:\/\/rebornavenue.se\/da\/wp-json\/wp\/v2\/media?parent=29468"}],"wp:term":[{"taxonomy":"product_brand","embeddable":true,"href":"https:\/\/rebornavenue.se\/da\/wp-json\/wp\/v2\/product_brand?post=29468"},{"taxonomy":"product_cat","embeddable":true,"href":"https:\/\/rebornavenue.se\/da\/wp-json\/wp\/v2\/product_cat?post=29468"},{"taxonomy":"product_tag","embeddable":true,"href":"https:\/\/rebornavenue.se\/da\/wp-json\/wp\/v2\/product_tag?post=29468"}],"curies":[{"name":"wp","href":"https:\/\/api.w.org\/{rel}","templated":true}]}}