{"id":29469,"date":"2024-01-19T10:04:07","date_gmt":"2024-01-19T10:04:07","guid":{"rendered":"https:\/\/theme-dev.cmsmasters.net\/dental\/?post_type=product&#038;p=28719"},"modified":"2025-11-25T12:46:25","modified_gmt":"2025-11-25T11:46:25","slug":"henna-bryn-kursus","status":"publish","type":"product","link":"https:\/\/rebornavenue.se\/da\/henna-brow-kurs\/","title":{"rendered":"Henna brynkursus"},"content":{"rendered":"<h2 data-start=\"245\" data-end=\"686\">Henna brynkursus<\/h2>\n<p data-start=\"245\" data-end=\"686\">F\u00e5 dybere viden om bryndesign, og l\u00e6r at arbejde p\u00e5 et sikkert, avanceret og \u00e6stetisk tiltalende niveau. Denne tr\u00e6ning vil give dig en komplet forst\u00e5else af, hvordan henna h\u00e6fter p\u00e5 b\u00e5de hud og h\u00e5r, hvordan farver opbygges i flere lag, og hvordan farveteori, hudtype og h\u00e5rtekstur p\u00e5virker resultatet. Du vil l\u00e6re, hvordan forskellige nuancer, undertoner og blandinger bruges til at skabe b\u00e6redygtige, naturlige og skr\u00e6ddersyede bryn til hver klient.<\/p>\n<p data-start=\"688\" data-end=\"993\">Vi vil guide dig gennem hele processen: fra farvel\u00e6re, hud- og h\u00e5ranalyse, kortl\u00e6gningsteknikker og design til praktisk udf\u00f8relse, risikovurdering og korrekt efterpleje. Du vil ogs\u00e5 l\u00e6re, hvordan kemien bag henna fungerer, hvordan du tilpasser blandinger til hudens pH-v\u00e6rdi, og hvordan du arbejder sikkert p\u00e5 f\u00f8lsomme omr\u00e5der.<\/p>\n<p data-start=\"995\" data-end=\"1175\">Tr\u00e6ningen er velegnet til b\u00e5de begyndere og dem, der allerede har det grundl\u00e6ggende og \u00f8nsker at udvikle sin teknik, arbejde mere professionelt og levere ensartede, b\u00e6redygtige og h\u00f8jkvalitetsresultater.<\/p>\n<p data-start=\"995\" data-end=\"1175\">\n<hr data-start=\"1177\" data-end=\"1180\" \/>\n<h3 data-start=\"1182\" data-end=\"1222\"><\/h3>\n<h3 data-start=\"1182\" data-end=\"1222\"><strong data-start=\"1184\" data-end=\"1222\">Hvorfor v\u00e6lge Reborn Avenue Academy<\/strong><\/h3>\n<p data-start=\"1224\" data-end=\"1530\">\u2022 Undervisning af en erfaren \u00f8jenbryns- og hudterapeut<br data-start=\"1271\" data-end=\"1274\" \/>\u2022 Certificeringsmaterialer i et professionelt og p\u00e6dagogisk format<br data-start=\"1337\" data-end=\"1340\" \/>\u2022 Fokus p\u00e5 kundesikkerhed, \u00e6stetik og teknisk pr\u00e6cision<br data-start=\"1394\" data-end=\"1397\" \/>\u2022 Sm\u00e5 grupper for maksimal individuel vejledning<br data-start=\"1446\" data-end=\"1449\" \/>\u2022 Uddannelse i henhold til branchens retningslinjer for sikre og korrekte behandlinger<\/p>","protected":false},"excerpt":{"rendered":"<p>L\u00e6r at arbejde sikkert og professionelt med hennabryn. Du f\u00e5r en forst\u00e5else af farveteori, hudanalyse og hvordan henna h\u00e6fter til b\u00e5de hud og h\u00e5r for at skabe varige resultater. Vi gennemg\u00e5r kortl\u00e6gningsteknikker, p\u00e5f\u00f8ring, farvevalg og sikkerhedsprocedurer. Kurset er velegnet til b\u00e5de begyndere og terapeuter, der \u00f8nsker at udvikle og levere naturlige, skr\u00e6ddersyede bryn.<\/p>","protected":false},"featured_media":37499,"comment_status":"open","ping_status":"closed","template":"","meta":{"_acf_changed":false},"product_brand":[],"product_cat":[72],"product_tag":[37,43,56],"class_list":{"0":"post-29469","1":"product","2":"type-product","3":"status-publish","4":"has-post-thumbnail","6":"product_cat-kurser","7":"product_tag-beauty","8":"product_tag-cosmetology","9":"product_tag-skincare","11":"first","12":"instock","13":"taxable","14":"shipping-taxable","15":"purchasable","16":"product-type-simple"},"acf":[],"_links":{"self":[{"href":"https:\/\/rebornavenue.se\/da\/wp-json\/wp\/v2\/product\/29469","targetHints":{"allow":["GET"]}}],"collection":[{"href":"https:\/\/rebornavenue.se\/da\/wp-json\/wp\/v2\/product"}],"about":[{"href":"https:\/\/rebornavenue.se\/da\/wp-json\/wp\/v2\/types\/product"}],"replies":[{"embeddable":true,"href":"https:\/\/rebornavenue.se\/da\/wp-json\/wp\/v2\/comments?post=29469"}],"version-history":[{"count":0,"href":"https:\/\/rebornavenue.se\/da\/wp-json\/wp\/v2\/product\/29469\/revisions"}],"wp:featuredmedia":[{"embeddable":true,"href":"https:\/\/rebornavenue.se\/da\/wp-json\/wp\/v2\/media\/37499"}],"wp:attachment":[{"href":"https:\/\/rebornavenue.se\/da\/wp-json\/wp\/v2\/media?parent=29469"}],"wp:term":[{"taxonomy":"product_brand","embeddable":true,"href":"https:\/\/rebornavenue.se\/da\/wp-json\/wp\/v2\/product_brand?post=29469"},{"taxonomy":"product_cat","embeddable":true,"href":"https:\/\/rebornavenue.se\/da\/wp-json\/wp\/v2\/product_cat?post=29469"},{"taxonomy":"product_tag","embeddable":true,"href":"https:\/\/rebornavenue.se\/da\/wp-json\/wp\/v2\/product_tag?post=29469"}],"curies":[{"name":"wp","href":"https:\/\/api.w.org\/{rel}","templated":true}]}}