{"id":29470,"date":"2024-01-19T10:04:08","date_gmt":"2024-01-19T10:04:08","guid":{"rendered":"https:\/\/theme-dev.cmsmasters.net\/dental\/?post_type=product&#038;p=28720"},"modified":"2025-11-27T11:19:17","modified_gmt":"2025-11-27T10:19:17","slug":"avanceret-laser-harfjerningskursus","status":"publish","type":"product","link":"https:\/\/rebornavenue.se\/da\/avancerad-laserharborttagning-kurs\/","title":{"rendered":"Avanceret laser h\u00e5rfjerningskursus"},"content":{"rendered":"<h2 data-start=\"254\" data-end=\"595\">Avanceret laser h\u00e5rfjerningskursus<\/h2>\n<p data-start=\"254\" data-end=\"595\">F\u00e5 dybere viden om laser og l\u00e6r at arbejde p\u00e5 et avanceret, sikkert og resultatorienteret niveau. Denne tr\u00e6ning vil give dig en komplet forst\u00e5else af, hvordan lasere p\u00e5virker h\u00e5rs\u00e6kke, hud og pigment \u2013 og hvordan forskellige b\u00f8lgel\u00e6ngder som f.eks. <strong data-start=\"490\" data-end=\"520\">755 nm, 808 nm og 1064 nm<\/strong> absorberes i melaninet for at give effektiv h\u00e5rreduktion p\u00e5 forskellige hudtyper.<\/p>\n<p data-start=\"597\" data-end=\"945\">Vi gennemg\u00e5r hele k\u00e6den: fra lysets fysik, hudens og h\u00e5rets anatomi, energiparametre og sikkerhedsprocedurer, til praktisk udf\u00f8relse, risikovurdering og efterbehandling. Du l\u00e6rer, hvordan fluens, pulsvarighed og teknik tilpasses for at skabe maksimal effekt med minimal risiko, samt hvordan man arbejder klientspecifikt og professionelt i forskellige kliniske scenarier.<\/p>\n<p data-start=\"947\" data-end=\"1115\">Uddannelsen er velegnet til b\u00e5de begyndere og dem, der allerede har det grundl\u00e6ggende og \u00f8nsker at udvikle sin teknik, arbejde mere lovligt og levere sikre behandlinger af h\u00f8j kvalitet.<\/p>\n<hr data-start=\"1256\" data-end=\"1259\" \/>\n<h3 data-start=\"1261\" data-end=\"1301\"><\/h3>\n<h3 data-start=\"1261\" data-end=\"1301\"><strong data-start=\"1263\" data-end=\"1301\">Hvorfor v\u00e6lge Reborn Avenue Academy<\/strong><\/h3>\n<p data-start=\"193\" data-end=\"462\">\u2022 Tr\u00e6ningen ledes af en erfaren laser- og hudterapeut<br \/>\n\u2022 Kursusmaterialer i professionelt certificeringsformat<br \/>\n\u2022 Fokus p\u00e5 kundesikkerhed, \u00e6stetik og teknisk forst\u00e5else<br \/>\n\u2022 Sm\u00e5 grupper med individuel supervision<br \/>\n\u2022 CE-tilpasset undervisning i henhold til EU-retningslinjer<\/p>","protected":false},"excerpt":{"rendered":"<p>L\u00e4r dig arbeta s\u00e4kert och professionellt med avancerad laserh\u00e5rborttagning. Du f\u00e5r f\u00f6rst\u00e5else f\u00f6r hur laser och v\u00e5gl\u00e4ngderna <strong data-start=\"225\" data-end=\"249\">755, 808 och 1064 nm<\/strong> p\u00e5verkar h\u00e5rs\u00e4ckar och hud. Vi g\u00e5r igenom ljusets fysik, anatomi, energiparametrar och s\u00e4kerhet. Kursen passar b\u00e5de nyb\u00f6rjare och terapeuter som vill utvecklas och leverera trygga resultat.<\/p>","protected":false},"featured_media":37532,"comment_status":"open","ping_status":"closed","template":"","meta":{"_acf_changed":false},"product_brand":[],"product_cat":[72],"product_tag":[39,41,55],"class_list":{"0":"post-29470","1":"product","2":"type-product","3":"status-publish","4":"has-post-thumbnail","6":"product_cat-kurser","7":"product_tag-cosmetics","8":"product_tag-cosmetologist","9":"product_tag-skin","11":"first","12":"instock","13":"taxable","14":"shipping-taxable","15":"purchasable","16":"product-type-simple"},"acf":[],"_links":{"self":[{"href":"https:\/\/rebornavenue.se\/da\/wp-json\/wp\/v2\/product\/29470","targetHints":{"allow":["GET"]}}],"collection":[{"href":"https:\/\/rebornavenue.se\/da\/wp-json\/wp\/v2\/product"}],"about":[{"href":"https:\/\/rebornavenue.se\/da\/wp-json\/wp\/v2\/types\/product"}],"replies":[{"embeddable":true,"href":"https:\/\/rebornavenue.se\/da\/wp-json\/wp\/v2\/comments?post=29470"}],"version-history":[{"count":0,"href":"https:\/\/rebornavenue.se\/da\/wp-json\/wp\/v2\/product\/29470\/revisions"}],"wp:featuredmedia":[{"embeddable":true,"href":"https:\/\/rebornavenue.se\/da\/wp-json\/wp\/v2\/media\/37532"}],"wp:attachment":[{"href":"https:\/\/rebornavenue.se\/da\/wp-json\/wp\/v2\/media?parent=29470"}],"wp:term":[{"taxonomy":"product_brand","embeddable":true,"href":"https:\/\/rebornavenue.se\/da\/wp-json\/wp\/v2\/product_brand?post=29470"},{"taxonomy":"product_cat","embeddable":true,"href":"https:\/\/rebornavenue.se\/da\/wp-json\/wp\/v2\/product_cat?post=29470"},{"taxonomy":"product_tag","embeddable":true,"href":"https:\/\/rebornavenue.se\/da\/wp-json\/wp\/v2\/product_tag?post=29470"}],"curies":[{"name":"wp","href":"https:\/\/api.w.org\/{rel}","templated":true}]}}