{"id":29465,"date":"2024-01-19T10:04:01","date_gmt":"2024-01-19T10:04:01","guid":{"rendered":"https:\/\/theme-dev.cmsmasters.net\/dental\/?post_type=product&#038;p=28714"},"modified":"2026-03-30T16:03:53","modified_gmt":"2026-03-30T14:03:53","slug":"nossa-brow-henna-medium-brun","status":"publish","type":"product","link":"https:\/\/rebornavenue.se\/en\/nossa-brow-henna-medium-brun\/","title":{"rendered":"Nossa Brow Henna Medium Brun"},"content":{"rendered":"<p><strong>Nossa Brow Henna Medium Brun \u2013 Naturligt definierade bryn med l\u00e5ngvarigt resultat<\/strong><\/p>\n<p>Ge dina \u00f6gonbryn ett fylligare och mer definierat utseende med Nossa Brow Henna. Denna h\u00f6gkvalitativa brynf\u00e4rg \u00e4r baserad p\u00e5 naturlig henna och \u00e4r perfekt f\u00f6r att skapa skarpa, v\u00e4lformade bryn samtidigt som den v\u00e5rdar b\u00e5de h\u00e5rstr\u00e5n och hud.<\/p>\n<p>Formulan f\u00e4ster b\u00e5de p\u00e5 brynh\u00e5ren och huden, vilket ger en puderliknande effekt som fyller ut glesa omr\u00e5den \u2013 helt utan smink. Resultatet h\u00e5ller upp till flera veckor p\u00e5 str\u00e5na och flera dagar p\u00e5 huden, beroende p\u00e5 hudtyp.<\/p>\n<p><strong>F\u00f6rdelar:<\/strong><\/p>\n<ul>\n<li>Naturlig och skonsam formula<\/li>\n<li>Ger fylligare och mer definierade bryn<\/li>\n<li>F\u00e4rgar b\u00e5de h\u00e5r och hud f\u00f6r ett \u201cpowder brow\u201d-resultat<\/li>\n<li>L\u00e5ngvarig effekt \u2013 upp till 6 veckor p\u00e5 str\u00e5na<\/li>\n<li>Perfekt f\u00f6r glesa eller oj\u00e4mna bryn<\/li>\n<li>Enkel applicering, idealisk f\u00f6r b\u00e5de proffs och hemmabruk<\/li>\n<\/ul>\n<p>Nossa Brow Henna \u00e4r det perfekta valet f\u00f6r dig som vill ha snygga, markerade bryn utan daglig sminkrutin.<\/p>","protected":false},"excerpt":{"rendered":"<p>Ge dina \u00f6gonbryn ett fylligare och mer definierat utseende med Nossa Brow Henna. Denna h\u00f6gkvalitativa brynf\u00e4rg \u00e4r baserad p\u00e5 naturlig henna och \u00e4r perfekt f\u00f6r att skapa skarpa, v\u00e4lformade bryn samtidigt som den v\u00e5rdar b\u00e5de h\u00e5rstr\u00e5n och hud.<\/p>","protected":false},"featured_media":37799,"comment_status":"open","ping_status":"closed","template":"","meta":{"_acf_changed":false},"product_brand":[99],"product_cat":[54],"product_tag":[100],"class_list":{"0":"post-29465","1":"product","2":"type-product","3":"status-publish","4":"has-post-thumbnail","6":"product_brand-nossa-brow-henna","7":"product_cat-henna","8":"product_tag-brynbehandling","10":"first","11":"instock","12":"taxable","13":"shipping-taxable","14":"purchasable","15":"product-type-simple"},"acf":[],"_links":{"self":[{"href":"https:\/\/rebornavenue.se\/en\/wp-json\/wp\/v2\/product\/29465","targetHints":{"allow":["GET"]}}],"collection":[{"href":"https:\/\/rebornavenue.se\/en\/wp-json\/wp\/v2\/product"}],"about":[{"href":"https:\/\/rebornavenue.se\/en\/wp-json\/wp\/v2\/types\/product"}],"replies":[{"embeddable":true,"href":"https:\/\/rebornavenue.se\/en\/wp-json\/wp\/v2\/comments?post=29465"}],"version-history":[{"count":5,"href":"https:\/\/rebornavenue.se\/en\/wp-json\/wp\/v2\/product\/29465\/revisions"}],"predecessor-version":[{"id":37821,"href":"https:\/\/rebornavenue.se\/en\/wp-json\/wp\/v2\/product\/29465\/revisions\/37821"}],"wp:featuredmedia":[{"embeddable":true,"href":"https:\/\/rebornavenue.se\/en\/wp-json\/wp\/v2\/media\/37799"}],"wp:attachment":[{"href":"https:\/\/rebornavenue.se\/en\/wp-json\/wp\/v2\/media?parent=29465"}],"wp:term":[{"taxonomy":"product_brand","embeddable":true,"href":"https:\/\/rebornavenue.se\/en\/wp-json\/wp\/v2\/product_brand?post=29465"},{"taxonomy":"product_cat","embeddable":true,"href":"https:\/\/rebornavenue.se\/en\/wp-json\/wp\/v2\/product_cat?post=29465"},{"taxonomy":"product_tag","embeddable":true,"href":"https:\/\/rebornavenue.se\/en\/wp-json\/wp\/v2\/product_tag?post=29465"}],"curies":[{"name":"wp","href":"https:\/\/api.w.org\/{rel}","templated":true}]}}