{"id":29470,"date":"2024-01-19T10:04:08","date_gmt":"2024-01-19T10:04:08","guid":{"rendered":"https:\/\/theme-dev.cmsmasters.net\/dental\/?post_type=product&#038;p=28720"},"modified":"2025-11-27T11:19:17","modified_gmt":"2025-11-27T10:19:17","slug":"advanced-laser-hair-removal-course","status":"publish","type":"product","link":"https:\/\/rebornavenue.se\/en\/avancerad-laserharborttagning-kurs\/","title":{"rendered":"Advanced Laser Hair Removal Course"},"content":{"rendered":"<h2 data-start=\"254\" data-end=\"595\">Advanced Laser Hair Removal Course<\/h2>\n<p data-start=\"254\" data-end=\"595\">Deepen your knowledge of laser and learn to work at an advanced, safe and results-oriented level. This training will give you a complete understanding of how lasers affect hair follicles, skin and pigment \u2013 and how different wavelengths such as <strong data-start=\"490\" data-end=\"520\">755nm, 808nm and 1064nm<\/strong> absorbed into the melanin to provide effective hair reduction on different skin types.<\/p>\n<p data-start=\"597\" data-end=\"945\">We go through the entire chain: from the physics of light, the anatomy of the skin and hair, energy parameters and safety procedures, to practical execution, risk assessment and aftercare. You will learn how fluence, pulse duration and technique are adapted to create maximum effect with minimal risk, as well as how to work client-specifically and professionally in different clinical scenarios.<\/p>\n<p data-start=\"947\" data-end=\"1115\">The training is suitable for both beginners and those who already have the basics and want to develop your technique, work more legally and deliver safe, high-quality treatments.<\/p>\n<hr data-start=\"1256\" data-end=\"1259\" \/>\n<h3 data-start=\"1261\" data-end=\"1301\"><\/h3>\n<h3 data-start=\"1261\" data-end=\"1301\"><strong data-start=\"1263\" data-end=\"1301\">Why choose Reborn Avenue Academy<\/strong><\/h3>\n<p data-start=\"193\" data-end=\"462\">\u2022The training is led by an experienced laser and skin therapist<br \/>\n\u2022 Course materials in professional certification format<br \/>\n\u2022 Focus on customer safety, aesthetics and technical understanding<br \/>\n\u2022 Small groups with individual supervision<br \/>\n\u2022 CE-adapted teaching according to EU guidelines<\/p>","protected":false},"excerpt":{"rendered":"<p>L\u00e4r dig arbeta s\u00e4kert och professionellt med avancerad laserh\u00e5rborttagning. Du f\u00e5r f\u00f6rst\u00e5else f\u00f6r hur laser och v\u00e5gl\u00e4ngderna <strong data-start=\"225\" data-end=\"249\">755, 808 och 1064 nm<\/strong> p\u00e5verkar h\u00e5rs\u00e4ckar och hud. Vi g\u00e5r igenom ljusets fysik, anatomi, energiparametrar och s\u00e4kerhet. Kursen passar b\u00e5de nyb\u00f6rjare och terapeuter som vill utvecklas och leverera trygga resultat.<\/p>","protected":false},"featured_media":37532,"comment_status":"open","ping_status":"closed","template":"","meta":{"_acf_changed":false},"product_brand":[],"product_cat":[72],"product_tag":[39,41,55],"class_list":{"0":"post-29470","1":"product","2":"type-product","3":"status-publish","4":"has-post-thumbnail","6":"product_cat-kurser","7":"product_tag-cosmetics","8":"product_tag-cosmetologist","9":"product_tag-skin","11":"first","12":"instock","13":"taxable","14":"shipping-taxable","15":"purchasable","16":"product-type-simple"},"acf":[],"_links":{"self":[{"href":"https:\/\/rebornavenue.se\/en\/wp-json\/wp\/v2\/product\/29470","targetHints":{"allow":["GET"]}}],"collection":[{"href":"https:\/\/rebornavenue.se\/en\/wp-json\/wp\/v2\/product"}],"about":[{"href":"https:\/\/rebornavenue.se\/en\/wp-json\/wp\/v2\/types\/product"}],"replies":[{"embeddable":true,"href":"https:\/\/rebornavenue.se\/en\/wp-json\/wp\/v2\/comments?post=29470"}],"version-history":[{"count":0,"href":"https:\/\/rebornavenue.se\/en\/wp-json\/wp\/v2\/product\/29470\/revisions"}],"wp:featuredmedia":[{"embeddable":true,"href":"https:\/\/rebornavenue.se\/en\/wp-json\/wp\/v2\/media\/37532"}],"wp:attachment":[{"href":"https:\/\/rebornavenue.se\/en\/wp-json\/wp\/v2\/media?parent=29470"}],"wp:term":[{"taxonomy":"product_brand","embeddable":true,"href":"https:\/\/rebornavenue.se\/en\/wp-json\/wp\/v2\/product_brand?post=29470"},{"taxonomy":"product_cat","embeddable":true,"href":"https:\/\/rebornavenue.se\/en\/wp-json\/wp\/v2\/product_cat?post=29470"},{"taxonomy":"product_tag","embeddable":true,"href":"https:\/\/rebornavenue.se\/en\/wp-json\/wp\/v2\/product_tag?post=29470"}],"curies":[{"name":"wp","href":"https:\/\/api.w.org\/{rel}","templated":true}]}}